{"id":9115,"date":"2024-08-04T23:12:36","date_gmt":"2024-08-04T20:12:36","guid":{"rendered":"https:\/\/msomuseum.com\/?page_id=9115"},"modified":"2025-07-07T18:27:05","modified_gmt":"2025-07-07T15:27:05","slug":"mektubumuz","status":"publish","type":"page","link":"https:\/\/msomuseum.com\/en\/mektubumuz\/","title":{"rendered":"Mektubumuz"},"content":{"rendered":"<div data-elementor-type=\"wp-page\" data-elementor-id=\"9115\" class=\"elementor elementor-9115\" data-elementor-settings=\"[]\">\n\t\t\t\t\t\t\t<div class=\"elementor-section-wrap\">\n\t\t\t\t\t\t\t<section class=\"elementor-section elementor-top-section elementor-element elementor-element-d4c721d elementor-section-stretched elementor-section-full_width elementor-section-height-min-height elementor-section-items-bottom elementor-section-height-default\" data-id=\"d4c721d\" data-element_type=\"section\" data-settings=\"{&quot;stretch_section&quot;:&quot;section-stretched&quot;,&quot;background_background&quot;:&quot;classic&quot;}\">\n\t\t\t\t\t\t\t<div class=\"elementor-background-overlay\"><\/div>\n\t\t\t\t\t\t\t<div class=\"elementor-container elementor-column-gap-no\">\n\t\t\t\t\t<div class=\"elementor-column elementor-col-100 elementor-top-column elementor-element elementor-element-9f4e6e1\" data-id=\"9f4e6e1\" data-element_type=\"column\" data-settings=\"{&quot;background_background&quot;:&quot;classic&quot;}\">\n\t\t\t<div class=\"elementor-widget-wrap elementor-element-populated\">\n\t\t\t\t\t\t\t\t<div class=\"elementor-element elementor-element-b58f16c elementor-widget elementor-widget-text-editor\" data-id=\"b58f16c\" data-element_type=\"widget\" data-widget_type=\"text-editor.default\">\n\t\t\t\t<div class=\"elementor-widget-container\">\n\t\t\t\t\t\t\t\t<h2><span style=\"color: #ffffff;\">OUR LETTER<\/span><\/h2>\t\t\t\t\t\t<\/div>\n\t\t\t\t<\/div>\n\t\t\t\t\t<\/div>\n\t\t<\/div>\n\t\t\t\t\t\t\t<\/div>\n\t\t<\/section>\n\t\t\t\t<section class=\"elementor-section elementor-top-section elementor-element elementor-element-fd13de2 elementor-section-stretched elementor-section-boxed elementor-section-height-default elementor-section-height-default\" data-id=\"fd13de2\" data-element_type=\"section\" data-settings=\"{&quot;stretch_section&quot;:&quot;section-stretched&quot;,&quot;background_background&quot;:&quot;classic&quot;}\">\n\t\t\t\t\t\t<div class=\"elementor-container elementor-column-gap-no\">\n\t\t\t\t\t<div class=\"elementor-column elementor-col-100 elementor-top-column elementor-element elementor-element-94da8fa\" data-id=\"94da8fa\" data-element_type=\"column\">\n\t\t\t<div class=\"elementor-widget-wrap elementor-element-populated\">\n\t\t\t\t\t\t\t\t<div class=\"elementor-element elementor-element-c08ae00 elementor-widget elementor-widget-text-editor\" data-id=\"c08ae00\" data-element_type=\"widget\" data-widget_type=\"text-editor.default\">\n\t\t\t\t<div class=\"elementor-widget-container\">\n\t\t\t\t\t\t\t\t<p style=\"text-align: center;\">MUSEUM'S LETTER<\/p>\t\t\t\t\t\t<\/div>\n\t\t\t\t<\/div>\n\t\t\t\t<div class=\"elementor-element elementor-element-01aedb4 elementor-widget elementor-widget-text-editor\" data-id=\"01aedb4\" data-element_type=\"widget\" data-widget_type=\"text-editor.default\">\n\t\t\t\t<div class=\"elementor-widget-container\">\n\t\t\t\t\t\t\t\t<p style=\"text-align: justify;\"><span style=\"font-weight: 400;\">M.S.\u00d6. Air and Space Museum is an establishment registered as a \"Museum\" by the Ministry of Culture and Tourism, General Directorate of Cultural Heritage and Museums. Our museum is located at Sivrihisar Aviation Center, Necati Artan Facilities, an \"oasis\" in the steppes of Western Anatolia. Our museum, operating under Mach Aviation, one of Turkey's leading aviation companies, was established in 2018. The most important feature of our museum is that a large part of the aircraft in its inventory are in \"Flying Condition\" and are preserved as airworthy within the Museum. These are very important aircraft in the history of World Aviation. Each has its own \"story\". Being able to see these aircraft, exhibited with a modern museum approach, up close is a great opportunity for historians and history enthusiasts, as well as for all aviators. <\/span><\/p><p style=\"text-align: justify;\"><span style=\"font-weight: 400;\">Our museum's primary goal is to foster and increase the \"Aviation Culture\" in T\u00fcrkiye correctly and consciously, serving as a bridge between the history, past, and future of aviation. Providing information about aviation to those interested from all age groups, preparing for innovations, developments, and the future, are among our goals. Another objective is to draw more attention from T\u00fcrkiye's industrialists and entrepreneurs to this field, alongside with aviation education. We believe that achieving the \"level of contemporary civilization\" can only be realized through these efforts. There is no doubt that \"The Future is in the Skies\"! We believe it is necessary to remind ourselves that aviation is a field of intense competition between countries. <\/span><\/p><p style=\"text-align: justify;\"><span style=\"font-weight: 400;\">We invite families, school administrators, teachers, and all our citizens with a passion for aviation to the M.S.\u00d6. Air and Space Museum. We believe that during the planning of their future, this visit will further broaden the horizons of our children and young people and instill in them hopeful ideas and thoughts.<\/span><\/p><p style=\"text-align: justify;\"><span style=\"text-align: center;\">Let our meeting point at every stage of aviation be \"The Center of the World,\" Sivrihisar - M.S.\u00d6. Air and Space Museum...!<\/span><\/p><p style=\"text-align: left;\"><span style=\"font-weight: 400;\"><br \/>Respectfully,\u00a0<br \/><br \/><\/span><span style=\"font-weight: 400;\">M.S.\u00d6. Air &amp; Space Museum<\/span><\/p>\t\t\t\t\t\t<\/div>\n\t\t\t\t<\/div>\n\t\t\t\t\t<\/div>\n\t\t<\/div>\n\t\t\t\t\t\t\t<\/div>\n\t\t<\/section>\n\t\t\t\t\t\t<\/div>\n\t\t\t\t\t<\/div>","protected":false},"excerpt":{"rendered":"<p>MEKTUBUMUZ M\u00dcZEM\u0130Z\u0130N MEKTUBU M.S.\u00d6. Hava ve Uzay M\u00fczesi, K\u00fclt\u00fcr ve Turizm Bakanl\u0131\u011f\u0131, K\u00fclt\u00fcr Varl\u0131klar\u0131 ve M\u00fczeler Genel M\u00fcd\u00fcrl\u00fcg\u00fc taraf\u0131ndan &#8220;M\u00fcze&#8221; olarak tescil edilmi\u015f bir kurulu\u015ftur. M\u00fczemiz,<span class=\"excerpt-hellip\"> [\u2026]<\/span><\/p>","protected":false},"author":1,"featured_media":0,"parent":0,"menu_order":0,"comment_status":"closed","ping_status":"closed","template":"","meta":{"footnotes":""},"class_list":["post-9115","page","type-page","status-publish","hentry"],"_links":{"self":[{"href":"https:\/\/msomuseum.com\/en\/wp-json\/wp\/v2\/pages\/9115","targetHints":{"allow":["GET"]}}],"collection":[{"href":"https:\/\/msomuseum.com\/en\/wp-json\/wp\/v2\/pages"}],"about":[{"href":"https:\/\/msomuseum.com\/en\/wp-json\/wp\/v2\/types\/page"}],"author":[{"embeddable":true,"href":"https:\/\/msomuseum.com\/en\/wp-json\/wp\/v2\/users\/1"}],"replies":[{"embeddable":true,"href":"https:\/\/msomuseum.com\/en\/wp-json\/wp\/v2\/comments?post=9115"}],"version-history":[{"count":43,"href":"https:\/\/msomuseum.com\/en\/wp-json\/wp\/v2\/pages\/9115\/revisions"}],"predecessor-version":[{"id":9394,"href":"https:\/\/msomuseum.com\/en\/wp-json\/wp\/v2\/pages\/9115\/revisions\/9394"}],"wp:attachment":[{"href":"https:\/\/msomuseum.com\/en\/wp-json\/wp\/v2\/media?parent=9115"}],"curies":[{"name":"wp","href":"https:\/\/api.w.org\/{rel}","templated":true}]}}