{"id":5990,"date":"2021-06-03T01:28:29","date_gmt":"2021-06-02T22:28:29","guid":{"rendered":"https:\/\/msomuseum.com\/?page_id=5990"},"modified":"2021-06-28T01:14:17","modified_gmt":"2021-06-27T22:14:17","slug":"mustafa_baki_altinalev_ve_ucagi","status":"publish","type":"page","link":"https:\/\/msomuseum.com\/en\/mustafa_baki_altinalev_ve_ucagi\/","title":{"rendered":"MUSTAFA BAK\u0130 ALTINALEV VE U\u00c7A\u011eI"},"content":{"rendered":"<div data-elementor-type=\"wp-page\" data-elementor-id=\"5990\" class=\"elementor elementor-5990\" data-elementor-settings=\"[]\">\n\t\t\t\t\t\t\t<div class=\"elementor-section-wrap\">\n\t\t\t\t\t\t\t<section class=\"elementor-section elementor-top-section elementor-element elementor-element-bbc210b elementor-section-stretched elementor-section-boxed elementor-section-height-default elementor-section-height-default\" data-id=\"bbc210b\" data-element_type=\"section\" data-settings=\"{&quot;stretch_section&quot;:&quot;section-stretched&quot;,&quot;background_background&quot;:&quot;classic&quot;}\">\n\t\t\t\t\t\t<div class=\"elementor-container elementor-column-gap-wider\">\n\t\t\t\t\t<div class=\"elementor-column elementor-col-100 elementor-top-column elementor-element elementor-element-bf56ff5\" data-id=\"bf56ff5\" data-element_type=\"column\" data-settings=\"{&quot;background_background&quot;:&quot;classic&quot;}\">\n\t\t\t<div class=\"elementor-widget-wrap elementor-element-populated\">\n\t\t\t\t\t\t\t\t<section class=\"elementor-section elementor-inner-section elementor-element elementor-element-b770c86 elementor-section-full_width elementor-hidden-phone elementor-section-height-default elementor-section-height-default\" data-id=\"b770c86\" data-element_type=\"section\" data-settings=\"{&quot;background_background&quot;:&quot;classic&quot;}\">\n\t\t\t\t\t\t<div class=\"elementor-container elementor-column-gap-no\">\n\t\t\t\t\t<div class=\"elementor-column elementor-col-33 elementor-inner-column elementor-element elementor-element-b468975 elementor-hidden-phone\" data-id=\"b468975\" data-element_type=\"column\" data-settings=\"{&quot;background_background&quot;:&quot;classic&quot;}\">\n\t\t\t<div class=\"elementor-widget-wrap elementor-element-populated\">\n\t\t\t\t\t\t\t\t<div class=\"elementor-element elementor-element-300bf06 elementor-view-default elementor-widget elementor-widget-icon\" data-id=\"300bf06\" data-element_type=\"widget\" data-widget_type=\"icon.default\">\n\t\t\t\t<div class=\"elementor-widget-container\">\n\t\t\t\t\t<div class=\"elementor-icon-wrapper\">\n\t\t\t<a class=\"elementor-icon\" href=\"https:\/\/msomuseum.com\/en\/muzemizdekiler\/\">\n\t\t\t<i aria-hidden=\"true\" class=\"fas fa-arrow-left\"><\/i>\t\t\t<\/a>\n\t\t<\/div>\n\t\t\t\t<\/div>\n\t\t\t\t<\/div>\n\t\t\t\t\t<\/div>\n\t\t<\/div>\n\t\t\t\t<div class=\"elementor-column elementor-col-33 elementor-inner-column elementor-element elementor-element-137d452\" data-id=\"137d452\" data-element_type=\"column\">\n\t\t\t<div class=\"elementor-widget-wrap\">\n\t\t\t\t\t\t\t\t\t<\/div>\n\t\t<\/div>\n\t\t\t\t<div class=\"elementor-column elementor-col-33 elementor-inner-column elementor-element elementor-element-916cbf6\" data-id=\"916cbf6\" data-element_type=\"column\">\n\t\t\t<div class=\"elementor-widget-wrap\">\n\t\t\t\t\t\t\t\t\t<\/div>\n\t\t<\/div>\n\t\t\t\t\t\t\t<\/div>\n\t\t<\/section>\n\t\t\t\t<section class=\"elementor-section elementor-inner-section elementor-element elementor-element-ba3c31e elementor-section-boxed elementor-section-height-default elementor-section-height-default\" data-id=\"ba3c31e\" data-element_type=\"section\">\n\t\t\t\t\t\t<div class=\"elementor-container elementor-column-gap-no\">\n\t\t\t\t\t<div class=\"elementor-column elementor-col-100 elementor-inner-column elementor-element elementor-element-a70eb90\" data-id=\"a70eb90\" data-element_type=\"column\" data-settings=\"{&quot;background_background&quot;:&quot;classic&quot;}\">\n\t\t\t<div class=\"elementor-widget-wrap elementor-element-populated\">\n\t\t\t\t\t\t\t\t<div class=\"elementor-element elementor-element-a0ba935 elementor-arrows-position-inside elementor-pagination-position-outside elementor-widget elementor-widget-image-carousel\" data-id=\"a0ba935\" data-element_type=\"widget\" data-settings=\"{&quot;slides_to_show&quot;:&quot;1&quot;,&quot;autoplay&quot;:&quot;no&quot;,&quot;navigation&quot;:&quot;both&quot;,&quot;infinite&quot;:&quot;yes&quot;,&quot;effect&quot;:&quot;slide&quot;,&quot;speed&quot;:500}\" data-widget_type=\"image-carousel.default\">\n\t\t\t\t<div class=\"elementor-widget-container\">\n\t\t\t\t\t<div class=\"elementor-image-carousel-wrapper swiper-container\" dir=\"ltr\">\n\t\t\t<div class=\"elementor-image-carousel swiper-wrapper swiper-image-stretch\">\n\t\t\t\t<div class=\"swiper-slide\"><figure class=\"swiper-slide-inner\"><img decoding=\"async\" class=\"swiper-slide-image\" src=\"https:\/\/msomuseum.com\/wp-content\/uploads\/2021\/06\/mustafabaki_3.jpeg\" alt=\"mustafabaki_3\" \/><\/figure><\/div>\t\t\t<\/div>\n\t\t\t\t\t<\/div>\n\t\t\t\t<\/div>\n\t\t\t\t<\/div>\n\t\t\t\t\t<\/div>\n\t\t<\/div>\n\t\t\t\t\t\t\t<\/div>\n\t\t<\/section>\n\t\t\t\t<section class=\"elementor-section elementor-inner-section elementor-element elementor-element-da1f3e6 elementor-section-boxed elementor-section-height-default elementor-section-height-default\" data-id=\"da1f3e6\" data-element_type=\"section\" data-settings=\"{&quot;background_background&quot;:&quot;classic&quot;}\">\n\t\t\t\t\t\t<div class=\"elementor-container elementor-column-gap-default\">\n\t\t\t\t\t<div class=\"elementor-column elementor-col-100 elementor-inner-column elementor-element elementor-element-2dfa3fe\" data-id=\"2dfa3fe\" data-element_type=\"column\" data-settings=\"{&quot;background_background&quot;:&quot;classic&quot;}\">\n\t\t\t<div class=\"elementor-widget-wrap elementor-element-populated\">\n\t\t\t\t\t\t\t\t<div class=\"elementor-element elementor-element-f56cf3a elementor-widget elementor-widget-text-editor\" data-id=\"f56cf3a\" data-element_type=\"widget\" data-widget_type=\"text-editor.default\">\n\t\t\t\t<div class=\"elementor-widget-container\">\n\t\t\t\t\t\t\t\t<p>MUSTAFA BAK\u0130 ALTINALEV AIRCRAFT<\/p>\t\t\t\t\t\t<\/div>\n\t\t\t\t<\/div>\n\t\t\t\t<div class=\"elementor-element elementor-element-22bff9b elementor-widget elementor-widget-text-editor\" data-id=\"22bff9b\" data-element_type=\"widget\" data-widget_type=\"text-editor.default\">\n\t\t\t\t<div class=\"elementor-widget-container\">\n\t\t\t\t\t\t\t\t<p>Mechanical Engineer Mustafa Baki Alt\u0131nalev who was born in \u0130stanbul in 1937, became an officer after had received training in the Air Force Academy. He earned degrees by attending various courses. Combining the various training he received and his dreams, he flew with his own design and also his own production aircraft in 1965. However, this attempt was found strange and trialled by the State Security Courts. Besides his defence, as a result of the statements given by his commanders it was detected that he had done all with entrepreneurial intention and was found innocent but eventually he was deprived of his aircraft and his future works were prevented.<\/p><p>After 22 years of being retired, in 2000 he made a second attempt by setting up a workshop in the garden of his house in Bodrum. During 5 years he continued his work to build an aircraft in line with his own efforts. The Volkswagen engine was used in the handmade aircraft and the propeller is made of teakwood. Due to paresis he experienced in 2006, his hand movement coordination was limited but nevertheless he made an effort to complete his aircraft and could perform engine run-up checks. He could not obtain prior-permission so he was not able to fly his plane.<\/p><p>Mustafa Baki Alt\u0131nalev who lived with a passion for aviation throughout his life passed away in 2006.<\/p><p>The handmade aircraft of Mr. Mustafa Baki Alt\u0131nalev, who dedicated himself to aviation, was donated to M.S.\u00d6 Air &amp; Space Museum by his daughter Zerrin \u00c7etin and his wife Sultan Alt\u0131nalev.\u00a0<span style=\"letter-spacing: 0px;\">M\u00fczesi\u2019ne ba\u011f\u0131\u015flanm\u0131\u015ft\u0131r.<\/span><\/p>\t\t\t\t\t\t<\/div>\n\t\t\t\t<\/div>\n\t\t\t\t\t<\/div>\n\t\t<\/div>\n\t\t\t\t\t\t\t<\/div>\n\t\t<\/section>\n\t\t\t\t<section class=\"elementor-section elementor-inner-section elementor-element elementor-element-54437d0 elementor-section-full_width elementor-hidden-phone elementor-section-height-default elementor-section-height-default\" data-id=\"54437d0\" data-element_type=\"section\" data-settings=\"{&quot;background_background&quot;:&quot;classic&quot;}\">\n\t\t\t\t\t\t<div class=\"elementor-container elementor-column-gap-no\">\n\t\t\t\t\t<div class=\"elementor-column elementor-col-33 elementor-inner-column elementor-element elementor-element-ac2ba06\" data-id=\"ac2ba06\" data-element_type=\"column\">\n\t\t\t<div class=\"elementor-widget-wrap\">\n\t\t\t\t\t\t\t\t\t<\/div>\n\t\t<\/div>\n\t\t\t\t<div class=\"elementor-column elementor-col-33 elementor-inner-column elementor-element elementor-element-98a7eec elementor-hidden-phone\" data-id=\"98a7eec\" data-element_type=\"column\" data-settings=\"{&quot;background_background&quot;:&quot;classic&quot;}\">\n\t\t\t<div class=\"elementor-widget-wrap elementor-element-populated\">\n\t\t\t\t\t\t\t\t<div class=\"elementor-element elementor-element-eb2f4db elementor-view-default elementor-widget elementor-widget-icon\" data-id=\"eb2f4db\" data-element_type=\"widget\" data-widget_type=\"icon.default\">\n\t\t\t\t<div class=\"elementor-widget-container\">\n\t\t\t\t\t<div class=\"elementor-icon-wrapper\">\n\t\t\t<a class=\"elementor-icon\" href=\"https:\/\/msomuseum.com\/en\/muzemizdekiler\/\">\n\t\t\t<svg xmlns=\"http:\/\/www.w3.org\/2000\/svg\" xmlns:xlink=\"http:\/\/www.w3.org\/1999\/xlink\" id=\"Layer_1\" x=\"0px\" y=\"0px\" viewbox=\"0 0 13.7 13.6\" style=\"enable-background:new 0 0 13.7 13.6;\" xml:space=\"preserve\">\n<style type=\"text\/css\">\n\t.st0{fill:#3A3832;}\n<\/style>\n<polygon class=\"st0\" points=\"13.6,0.9 12.8,0.1 6.8,6 0.9,0.1 0.1,0.9 6.1,6.8 0.1,12.7 0.9,13.5 6.8,7.6 12.8,13.5 13.6,12.7   7.6,6.8 \"><\/polygon>\n<\/svg>\t\t\t<\/a>\n\t\t<\/div>\n\t\t\t\t<\/div>\n\t\t\t\t<\/div>\n\t\t\t\t\t<\/div>\n\t\t<\/div>\n\t\t\t\t<div class=\"elementor-column elementor-col-33 elementor-inner-column elementor-element elementor-element-81ea85e\" data-id=\"81ea85e\" data-element_type=\"column\">\n\t\t\t<div class=\"elementor-widget-wrap\">\n\t\t\t\t\t\t\t\t\t<\/div>\n\t\t<\/div>\n\t\t\t\t\t\t\t<\/div>\n\t\t<\/section>\n\t\t\t\t<section class=\"elementor-section elementor-inner-section elementor-element elementor-element-2ae7af2 elementor-section-full_width elementor-hidden-desktop elementor-hidden-tablet elementor-section-height-default elementor-section-height-default\" data-id=\"2ae7af2\" data-element_type=\"section\" data-settings=\"{&quot;background_background&quot;:&quot;classic&quot;}\">\n\t\t\t\t\t\t<div class=\"elementor-container elementor-column-gap-no\">\n\t\t\t\t\t<div class=\"elementor-column elementor-col-100 elementor-inner-column elementor-element elementor-element-3a3e5e6 elementor-hidden-desktop elementor-hidden-tablet\" data-id=\"3a3e5e6\" data-element_type=\"column\" data-settings=\"{&quot;background_background&quot;:&quot;classic&quot;}\">\n\t\t\t<div class=\"elementor-widget-wrap elementor-element-populated\">\n\t\t\t\t\t\t\t\t<div class=\"elementor-element elementor-element-08d6766 elementor-view-default elementor-widget elementor-widget-icon\" data-id=\"08d6766\" data-element_type=\"widget\" data-widget_type=\"icon.default\">\n\t\t\t\t<div class=\"elementor-widget-container\">\n\t\t\t\t\t<div class=\"elementor-icon-wrapper\">\n\t\t\t<a class=\"elementor-icon\" href=\"https:\/\/msomuseum.com\/en\/muzemizdekiler\/\">\n\t\t\t<svg xmlns=\"http:\/\/www.w3.org\/2000\/svg\" xmlns:xlink=\"http:\/\/www.w3.org\/1999\/xlink\" id=\"Layer_1\" x=\"0px\" y=\"0px\" viewbox=\"0 0 13.7 13.6\" style=\"enable-background:new 0 0 13.7 13.6;\" xml:space=\"preserve\">\n<style type=\"text\/css\">\n\t.st0{fill:#3A3832;}\n<\/style>\n<polygon class=\"st0\" points=\"13.6,0.9 12.8,0.1 6.8,6 0.9,0.1 0.1,0.9 6.1,6.8 0.1,12.7 0.9,13.5 6.8,7.6 12.8,13.5 13.6,12.7   7.6,6.8 \"><\/polygon>\n<\/svg>\t\t\t<\/a>\n\t\t<\/div>\n\t\t\t\t<\/div>\n\t\t\t\t<\/div>\n\t\t\t\t\t<\/div>\n\t\t<\/div>\n\t\t\t\t\t\t\t<\/div>\n\t\t<\/section>\n\t\t\t\t\t<\/div>\n\t\t<\/div>\n\t\t\t\t\t\t\t<\/div>\n\t\t<\/section>\n\t\t\t\t\t\t<\/div>\n\t\t\t\t\t<\/div>","protected":false},"excerpt":{"rendered":"<p>MUSTAFA BAK\u0130 ALTINALEV U\u00c7A\u011eI 1937 y\u0131l\u0131nda \u0130stanbul\u2019da do\u011fan Makine M\u00fchendisi Mustafa Baki Alt\u0131nalev, 1959\u2019da Hava Harp okulunda e\u011fitim alarak Subay olmu\u015ftur. Havac\u0131l\u0131k konusunda \u00e7e\u015fitli kurslara kat\u0131larak<span class=\"excerpt-hellip\"> [\u2026]<\/span><\/p>","protected":false},"author":1,"featured_media":0,"parent":0,"menu_order":0,"comment_status":"closed","ping_status":"closed","template":"","meta":{"footnotes":""},"class_list":["post-5990","page","type-page","status-publish","hentry"],"_links":{"self":[{"href":"https:\/\/msomuseum.com\/en\/wp-json\/wp\/v2\/pages\/5990","targetHints":{"allow":["GET"]}}],"collection":[{"href":"https:\/\/msomuseum.com\/en\/wp-json\/wp\/v2\/pages"}],"about":[{"href":"https:\/\/msomuseum.com\/en\/wp-json\/wp\/v2\/types\/page"}],"author":[{"embeddable":true,"href":"https:\/\/msomuseum.com\/en\/wp-json\/wp\/v2\/users\/1"}],"replies":[{"embeddable":true,"href":"https:\/\/msomuseum.com\/en\/wp-json\/wp\/v2\/comments?post=5990"}],"version-history":[{"count":24,"href":"https:\/\/msomuseum.com\/en\/wp-json\/wp\/v2\/pages\/5990\/revisions"}],"predecessor-version":[{"id":7887,"href":"https:\/\/msomuseum.com\/en\/wp-json\/wp\/v2\/pages\/5990\/revisions\/7887"}],"wp:attachment":[{"href":"https:\/\/msomuseum.com\/en\/wp-json\/wp\/v2\/media?parent=5990"}],"curies":[{"name":"wp","href":"https:\/\/api.w.org\/{rel}","templated":true}]}}