{"id":57,"date":"2021-02-02T06:48:27","date_gmt":"2021-02-02T03:48:27","guid":{"rendered":"https:\/\/themes.muffingroup.com\/be\/internet3_el\/?page_id=57"},"modified":"2026-03-23T23:40:55","modified_gmt":"2026-03-23T20:40:55","slug":"ulasim","status":"publish","type":"page","link":"https:\/\/msomuseum.com\/en\/ulasim\/","title":{"rendered":"Ula\u015f\u0131m"},"content":{"rendered":"<div data-elementor-type=\"wp-page\" data-elementor-id=\"57\" class=\"elementor elementor-57\" data-elementor-settings=\"[]\">\n\t\t\t\t\t\t\t<div class=\"elementor-section-wrap\">\n\t\t\t\t\t\t\t<section class=\"elementor-section elementor-top-section elementor-element elementor-element-c3a8213 elementor-section-stretched elementor-section-full_width elementor-section-height-min-height elementor-section-items-bottom elementor-section-height-default\" data-id=\"c3a8213\" data-element_type=\"section\" data-settings=\"{&quot;stretch_section&quot;:&quot;section-stretched&quot;,&quot;background_background&quot;:&quot;classic&quot;}\">\n\t\t\t\t\t\t\t<div class=\"elementor-background-overlay\"><\/div>\n\t\t\t\t\t\t\t<div class=\"elementor-container elementor-column-gap-no\">\n\t\t\t\t\t<div class=\"elementor-column elementor-col-100 elementor-top-column elementor-element elementor-element-6642bb5\" data-id=\"6642bb5\" data-element_type=\"column\" data-settings=\"{&quot;background_background&quot;:&quot;classic&quot;}\">\n\t\t\t<div class=\"elementor-widget-wrap elementor-element-populated\">\n\t\t\t\t\t\t\t\t<div class=\"elementor-element elementor-element-2aa3bb1 elementor-widget elementor-widget-text-editor\" data-id=\"2aa3bb1\" data-element_type=\"widget\" data-widget_type=\"text-editor.default\">\n\t\t\t\t<div class=\"elementor-widget-container\">\n\t\t\t\t\t\t\t\t<h2><span style=\"color: #ffffff;\">LOCATION<\/span><\/h2>\t\t\t\t\t\t<\/div>\n\t\t\t\t<\/div>\n\t\t\t\t\t<\/div>\n\t\t<\/div>\n\t\t\t\t\t\t\t<\/div>\n\t\t<\/section>\n\t\t\t\t<section class=\"elementor-section elementor-top-section elementor-element elementor-element-8ec8902 elementor-section-stretched elementor-section-boxed elementor-section-height-default elementor-section-height-default\" data-id=\"8ec8902\" data-element_type=\"section\" data-settings=\"{&quot;stretch_section&quot;:&quot;section-stretched&quot;,&quot;background_background&quot;:&quot;classic&quot;}\">\n\t\t\t\t\t\t<div class=\"elementor-container elementor-column-gap-default\">\n\t\t\t\t\t<div class=\"elementor-column elementor-col-66 elementor-top-column elementor-element elementor-element-be08d70\" data-id=\"be08d70\" data-element_type=\"column\">\n\t\t\t<div class=\"elementor-widget-wrap elementor-element-populated\">\n\t\t\t\t\t\t\t\t<div class=\"elementor-element elementor-element-25ec77d elementor-widget elementor-widget-image\" data-id=\"25ec77d\" data-element_type=\"widget\" data-no-translation=\"\" data-widget_type=\"image.default\">\n\t\t\t\t<div class=\"elementor-widget-container\">\n\t\t\t<style>.elementor-element-25ec77d{display:none !important}<\/style>\t\t<\/div>\n\t\t\t\t<\/div>\n\t\t\t\t<div class=\"elementor-element elementor-element-6dbb962 elementor-widget elementor-widget-image\" data-id=\"6dbb962\" data-element_type=\"widget\" data-no-translation=\"\" data-widget_type=\"image.default\">\n\t\t\t\t<div class=\"elementor-widget-container\">\n\t\t\t\t\t\t\t\t\t\t\t\t\t\t\t<img loading=\"lazy\" decoding=\"async\" width=\"1528\" height=\"1209\" src=\"https:\/\/msomuseum.com\/wp-content\/uploads\/2026\/03\/mso-en.jpg\" class=\"attachment-full size-full\" alt=\"\" srcset=\"https:\/\/msomuseum.com\/wp-content\/uploads\/2026\/03\/mso-en.jpg 1528w, https:\/\/msomuseum.com\/wp-content\/uploads\/2026\/03\/mso-en-300x237.jpg 300w, https:\/\/msomuseum.com\/wp-content\/uploads\/2026\/03\/mso-en-1024x810.jpg 1024w, https:\/\/msomuseum.com\/wp-content\/uploads\/2026\/03\/mso-en-768x608.jpg 768w, https:\/\/msomuseum.com\/wp-content\/uploads\/2026\/03\/mso-en-15x12.jpg 15w, https:\/\/msomuseum.com\/wp-content\/uploads\/2026\/03\/mso-en-185x146.jpg 185w, https:\/\/msomuseum.com\/wp-content\/uploads\/2026\/03\/mso-en-50x40.jpg 50w, https:\/\/msomuseum.com\/wp-content\/uploads\/2026\/03\/mso-en-95x75.jpg 95w\" sizes=\"auto, (max-width: 1528px) 100vw, 1528px\" \/>\t\t\t\t\t\t\t\t\t\t\t\t\t\t\t<\/div>\n\t\t\t\t<\/div>\n\t\t\t\t\t<\/div>\n\t\t<\/div>\n\t\t\t\t<div class=\"elementor-column elementor-col-33 elementor-top-column elementor-element elementor-element-5887dd3\" data-id=\"5887dd3\" data-element_type=\"column\" data-settings=\"{&quot;background_background&quot;:&quot;classic&quot;}\">\n\t\t\t<div class=\"elementor-widget-wrap elementor-element-populated\">\n\t\t\t\t\t\t\t\t<section class=\"elementor-section elementor-inner-section elementor-element elementor-element-e35421f elementor-section-boxed elementor-section-height-default elementor-section-height-default\" data-id=\"e35421f\" data-element_type=\"section\" data-settings=\"{&quot;background_background&quot;:&quot;classic&quot;}\">\n\t\t\t\t\t\t<div class=\"elementor-container elementor-column-gap-no\">\n\t\t\t\t\t<div class=\"elementor-column elementor-col-100 elementor-inner-column elementor-element elementor-element-b2a8c1f\" data-id=\"b2a8c1f\" data-element_type=\"column\">\n\t\t\t<div class=\"elementor-widget-wrap elementor-element-populated\">\n\t\t\t\t\t\t\t\t<div class=\"elementor-element elementor-element-0da72df elementor-widget elementor-widget-text-editor\" data-id=\"0da72df\" data-element_type=\"widget\" data-widget_type=\"text-editor.default\">\n\t\t\t\t<div class=\"elementor-widget-container\">\n\t\t\t\t\t\t\t\t<p>Museum Opening Times:<\/p>\t\t\t\t\t\t<\/div>\n\t\t\t\t<\/div>\n\t\t\t\t<div class=\"elementor-element elementor-element-231a3f7 elementor-widget elementor-widget-text-editor\" data-id=\"231a3f7\" data-element_type=\"widget\" data-widget_type=\"text-editor.default\">\n\t\t\t\t<div class=\"elementor-widget-container\">\n\t\t\t\t\t\t\t\t<p>Every day except Mondays between <br \/><br \/>09:00 - 18:00<\/p>\t\t\t\t\t\t<\/div>\n\t\t\t\t<\/div>\n\t\t\t\t\t<\/div>\n\t\t<\/div>\n\t\t\t\t\t\t\t<\/div>\n\t\t<\/section>\n\t\t\t\t<div class=\"elementor-element elementor-element-0aeb026 elementor-widget elementor-widget-spacer\" data-id=\"0aeb026\" data-element_type=\"widget\" data-widget_type=\"spacer.default\">\n\t\t\t\t<div class=\"elementor-widget-container\">\n\t\t\t\t\t<div class=\"elementor-spacer\">\n\t\t\t<div class=\"elementor-spacer-inner\"><\/div>\n\t\t<\/div>\n\t\t\t\t<\/div>\n\t\t\t\t<\/div>\n\t\t\t\t<section class=\"elementor-section elementor-inner-section elementor-element elementor-element-a21fe13 elementor-section-boxed elementor-section-height-default elementor-section-height-default\" data-id=\"a21fe13\" data-element_type=\"section\">\n\t\t\t\t\t\t<div class=\"elementor-container elementor-column-gap-no\">\n\t\t\t\t\t<div class=\"elementor-column elementor-col-100 elementor-inner-column elementor-element elementor-element-c2ddfee\" data-id=\"c2ddfee\" data-element_type=\"column\">\n\t\t\t<div class=\"elementor-widget-wrap elementor-element-populated\">\n\t\t\t\t\t\t\t\t<div class=\"elementor-element elementor-element-50d40fe elementor-widget elementor-widget-text-editor\" data-id=\"50d40fe\" data-element_type=\"widget\" data-widget_type=\"text-editor.default\">\n\t\t\t\t<div class=\"elementor-widget-container\">\n\t\t\t\t\t\t\t\t<p>Contact Information<\/p>\t\t\t\t\t\t<\/div>\n\t\t\t\t<\/div>\n\t\t\t\t<div class=\"elementor-element elementor-element-60ac5f2 elementor-widget elementor-widget-text-editor\" data-id=\"60ac5f2\" data-element_type=\"widget\" data-widget_type=\"text-editor.default\">\n\t\t\t\t<div class=\"elementor-widget-container\">\n\t\t\t\t\t\t\t\t<p>Telefon: <span style=\"color: #ffffff;\"><a style=\"color: #ffffff;\" href=\"tel: 902227243031\">+90 (222) 724-3031<\/a><\/span><\/p><p>E-mail: info@msomuseum.com<\/p>\t\t\t\t\t\t<\/div>\n\t\t\t\t<\/div>\n\t\t\t\t\t<\/div>\n\t\t<\/div>\n\t\t\t\t\t\t\t<\/div>\n\t\t<\/section>\n\t\t\t\t<div class=\"elementor-element elementor-element-6732ebf elementor-widget elementor-widget-spacer\" data-id=\"6732ebf\" data-element_type=\"widget\" data-widget_type=\"spacer.default\">\n\t\t\t\t<div class=\"elementor-widget-container\">\n\t\t\t\t\t<div class=\"elementor-spacer\">\n\t\t\t<div class=\"elementor-spacer-inner\"><\/div>\n\t\t<\/div>\n\t\t\t\t<\/div>\n\t\t\t\t<\/div>\n\t\t\t\t<section class=\"elementor-section elementor-inner-section elementor-element elementor-element-dc13868 elementor-section-boxed elementor-section-height-default elementor-section-height-default\" data-id=\"dc13868\" data-element_type=\"section\">\n\t\t\t\t\t\t<div class=\"elementor-container elementor-column-gap-no\">\n\t\t\t\t\t<div class=\"elementor-column elementor-col-100 elementor-inner-column elementor-element elementor-element-9579c18\" data-id=\"9579c18\" data-element_type=\"column\">\n\t\t\t<div class=\"elementor-widget-wrap elementor-element-populated\">\n\t\t\t\t\t\t\t\t<div class=\"elementor-element elementor-element-69f0d44 elementor-widget elementor-widget-text-editor\" data-id=\"69f0d44\" data-element_type=\"widget\" data-widget_type=\"text-editor.default\">\n\t\t\t\t<div class=\"elementor-widget-container\">\n\t\t\t\t\t\t\t\t<p>By Air<\/p>\t\t\t\t\t\t<\/div>\n\t\t\t\t<\/div>\n\t\t\t\t<div class=\"elementor-element elementor-element-59747f4 elementor-widget elementor-widget-text-editor\" data-id=\"59747f4\" data-element_type=\"widget\" data-widget_type=\"text-editor.default\">\n\t\t\t\t<div class=\"elementor-widget-container\">\n\t\t\t\t\t\t\t\t<p>SHM Coordinates<\/p><p>N 39\u00b017\u201959.29\u201d E 31\u00b029\u201938.50\u201d<\/p><p>Artan Tower: 131,625 MHz<\/p><p>Runway Directions: 05 \u2013 23<\/p><p>\u200bRunway Length: 1810 x 32 m (Asphalt)<\/p><p>\u200bElevation : 2790 Feet<\/p><p>SHM Airpark:\u00a0<span style=\"letter-spacing: 0px;\"><a href=\"tel: 902227243040\"><span style=\"color: #ffffff;\">+90 (222) 724-3040<\/span><\/a>-41<\/span><\/p><p>SHM Website\u00a0<span style=\"color: #ffffff;\"><a style=\"letter-spacing: 0px; color: #ffffff;\" href=\"https:\/\/www.shm.aero\/\" target=\"_blank\" rel=\"noopener\">www.shm.aero<\/a><\/span><\/p><p><span style=\"letter-spacing: 0px; color: #ffffff;\"><a style=\"color: #ffffff;\" href=\"https:\/\/63c8115a-09c7-465a-8275-6f6a3aacd13b.filesusr.com\/ugd\/12c382_96ccdb2ba17341308c196cbe6430d183.pdf\">AIP<\/a><\/span>\u00a0\u00a0<a href=\"https:\/\/63c8115a-09c7-465a-8275-6f6a3aacd13b.filesusr.com\/ugd\/12c382_96ccdb2ba17341308c196cbe6430d183.pdf\"><img loading=\"lazy\" decoding=\"async\" class=\"alignnone wp-image-4126\" src=\"https:\/\/msomuseum.com\/wp-content\/uploads\/2021\/05\/pdf_2-283x300.png\" alt=\"\" width=\"30\" height=\"32\" srcset=\"https:\/\/msomuseum.com\/wp-content\/uploads\/2021\/05\/pdf_2-283x300.png 283w, https:\/\/msomuseum.com\/wp-content\/uploads\/2021\/05\/pdf_2-11x12.png 11w, https:\/\/msomuseum.com\/wp-content\/uploads\/2021\/05\/pdf_2-138x146.png 138w, https:\/\/msomuseum.com\/wp-content\/uploads\/2021\/05\/pdf_2-47x50.png 47w, https:\/\/msomuseum.com\/wp-content\/uploads\/2021\/05\/pdf_2-71x75.png 71w, https:\/\/msomuseum.com\/wp-content\/uploads\/2021\/05\/pdf_2.png 443w\" sizes=\"auto, (max-width: 30px) 100vw, 30px\" \/><\/a><\/p>\t\t\t\t\t\t<\/div>\n\t\t\t\t<\/div>\n\t\t\t\t\t<\/div>\n\t\t<\/div>\n\t\t\t\t\t\t\t<\/div>\n\t\t<\/section>\n\t\t\t\t\t<\/div>\n\t\t<\/div>\n\t\t\t\t\t\t\t<\/div>\n\t\t<\/section>\n\t\t\t\t<section class=\"elementor-section elementor-top-section elementor-element elementor-element-8192ef8 elementor-section-stretched elementor-section-boxed elementor-section-height-default elementor-section-height-default\" data-id=\"8192ef8\" data-element_type=\"section\" data-settings=\"{&quot;stretch_section&quot;:&quot;section-stretched&quot;,&quot;background_background&quot;:&quot;classic&quot;}\">\n\t\t\t\t\t\t<div class=\"elementor-container elementor-column-gap-default\">\n\t\t\t\t\t<div class=\"elementor-column elementor-col-100 elementor-top-column elementor-element elementor-element-675dd66\" data-id=\"675dd66\" data-element_type=\"column\">\n\t\t\t<div class=\"elementor-widget-wrap elementor-element-populated\">\n\t\t\t\t\t\t\t\t<div class=\"elementor-element elementor-element-b7a4a67 elementor-widget elementor-widget-text-editor\" data-id=\"b7a4a67\" data-element_type=\"widget\" data-widget_type=\"text-editor.default\">\n\t\t\t\t<div class=\"elementor-widget-container\">\n\t\t\t\t\t\t\t\t<p style=\"text-align: center;\"><span style=\"font-weight: 400;\">Museum On Google Maps<\/span><\/p>\t\t\t\t\t\t<\/div>\n\t\t\t\t<\/div>\n\t\t\t\t<div class=\"elementor-element elementor-element-1243ec0 elementor-widget elementor-widget-google_maps\" data-id=\"1243ec0\" data-element_type=\"widget\" data-widget_type=\"google_maps.default\">\n\t\t\t\t<div class=\"elementor-widget-container\">\n\t\t\t\t\t<div class=\"elementor-custom-embed\">\n\t\t\t<iframe frameborder=\"0\" scrolling=\"no\" marginheight=\"0\" marginwidth=\"0\" src=\"https:\/\/maps.google.com\/maps?q=M.S.%C3%96.%20Air%20%26%20Space%20Museum&amp;t=m&amp;z=9&amp;output=embed&amp;iwloc=near\" title=\"%3$s\" aria-label=\"%3$s\"><\/iframe>\n\t\t<\/div>\n\t\t\t\t<\/div>\n\t\t\t\t<\/div>\n\t\t\t\t\t<\/div>\n\t\t<\/div>\n\t\t\t\t\t\t\t<\/div>\n\t\t<\/section>\n\t\t\t\t\t\t<\/div>\n\t\t\t\t\t<\/div>","protected":false},"excerpt":{"rendered":"<p>ULA\u015eIM M\u00fcze \u00c7al\u0131\u015fma G\u00fcn ve Saatleri Pazartesi hari\u00e7 her g\u00fcn 09:00 &#8211; 18:00 aras\u0131 \u0130leti\u015fim Bilgileri Telefon: +90 (222) 724-3031 E-mail: info@msomuseum.com Havadan Ula\u015f\u0131m S.H.M. Koordinatlar:<span class=\"excerpt-hellip\"> [\u2026]<\/span><\/p>","protected":false},"author":1,"featured_media":0,"parent":0,"menu_order":0,"comment_status":"closed","ping_status":"closed","template":"","meta":{"footnotes":""},"class_list":["post-57","page","type-page","status-publish","hentry"],"_links":{"self":[{"href":"https:\/\/msomuseum.com\/en\/wp-json\/wp\/v2\/pages\/57","targetHints":{"allow":["GET"]}}],"collection":[{"href":"https:\/\/msomuseum.com\/en\/wp-json\/wp\/v2\/pages"}],"about":[{"href":"https:\/\/msomuseum.com\/en\/wp-json\/wp\/v2\/types\/page"}],"author":[{"embeddable":true,"href":"https:\/\/msomuseum.com\/en\/wp-json\/wp\/v2\/users\/1"}],"replies":[{"embeddable":true,"href":"https:\/\/msomuseum.com\/en\/wp-json\/wp\/v2\/comments?post=57"}],"version-history":[{"count":114,"href":"https:\/\/msomuseum.com\/en\/wp-json\/wp\/v2\/pages\/57\/revisions"}],"predecessor-version":[{"id":9534,"href":"https:\/\/msomuseum.com\/en\/wp-json\/wp\/v2\/pages\/57\/revisions\/9534"}],"wp:attachment":[{"href":"https:\/\/msomuseum.com\/en\/wp-json\/wp\/v2\/media?parent=57"}],"curies":[{"name":"wp","href":"https:\/\/api.w.org\/{rel}","templated":true}]}}