{"id":2231,"date":"2021-04-07T23:24:16","date_gmt":"2021-04-07T20:24:16","guid":{"rendered":"https:\/\/msomuseum.com\/?page_id=2231"},"modified":"2026-04-23T09:42:59","modified_gmt":"2026-04-23T06:42:59","slug":"etkinlikler","status":"publish","type":"page","link":"https:\/\/msomuseum.com\/en\/etkinlikler\/","title":{"rendered":"Etkinlikler"},"content":{"rendered":"<div data-elementor-type=\"wp-page\" data-elementor-id=\"2231\" class=\"elementor elementor-2231\" data-elementor-settings=\"[]\">\n\t\t\t\t\t\t\t<div class=\"elementor-section-wrap\">\n\t\t\t\t\t\t\t<section class=\"elementor-section elementor-top-section elementor-element elementor-element-c1ff33c elementor-section-stretched elementor-section-full_width elementor-section-height-min-height elementor-section-items-bottom elementor-section-height-default\" data-id=\"c1ff33c\" data-element_type=\"section\" data-settings=\"{&quot;stretch_section&quot;:&quot;section-stretched&quot;,&quot;background_background&quot;:&quot;classic&quot;}\">\n\t\t\t\t\t\t\t<div class=\"elementor-background-overlay\"><\/div>\n\t\t\t\t\t\t\t<div class=\"elementor-container elementor-column-gap-no\">\n\t\t\t\t\t<div class=\"elementor-column elementor-col-100 elementor-top-column elementor-element elementor-element-e31d1b3\" data-id=\"e31d1b3\" data-element_type=\"column\" data-settings=\"{&quot;background_background&quot;:&quot;classic&quot;}\">\n\t\t\t<div class=\"elementor-widget-wrap elementor-element-populated\">\n\t\t\t\t\t\t\t\t<div class=\"elementor-element elementor-element-5e34c2f elementor-widget elementor-widget-text-editor\" data-id=\"5e34c2f\" data-element_type=\"widget\" data-widget_type=\"text-editor.default\">\n\t\t\t\t<div class=\"elementor-widget-container\">\n\t\t\t\t\t\t\t\t<h2><span style=\"color: #ffffff;\">EVENTS<\/span><\/h2>\t\t\t\t\t\t<\/div>\n\t\t\t\t<\/div>\n\t\t\t\t\t<\/div>\n\t\t<\/div>\n\t\t\t\t\t\t\t<\/div>\n\t\t<\/section>\n\t\t\t\t<section class=\"elementor-section elementor-top-section elementor-element elementor-element-3c76cc4 elementor-section-stretched elementor-section-boxed elementor-section-height-default elementor-section-height-default\" data-id=\"3c76cc4\" data-element_type=\"section\" data-settings=\"{&quot;stretch_section&quot;:&quot;section-stretched&quot;,&quot;background_background&quot;:&quot;classic&quot;}\">\n\t\t\t\t\t\t<div class=\"elementor-container elementor-column-gap-default\">\n\t\t\t\t\t<div class=\"elementor-column elementor-col-100 elementor-top-column elementor-element elementor-element-c39a99f\" data-id=\"c39a99f\" data-element_type=\"column\">\n\t\t\t<div class=\"elementor-widget-wrap elementor-element-populated\">\n\t\t\t\t\t\t\t\t<div class=\"elementor-element elementor-element-f230c5a elementor-widget elementor-widget-heading\" data-id=\"f230c5a\" data-element_type=\"widget\" data-widget_type=\"heading.default\">\n\t\t\t\t<div class=\"elementor-widget-container\">\n\t\t\t<h2 class=\"elementor-heading-title elementor-size-default\">ONGOING EVENTS<\/h2>\t\t<\/div>\n\t\t\t\t<\/div>\n\t\t\t\t<div class=\"elementor-element elementor-element-983ee8a elementor-widget elementor-widget-text-editor\" data-id=\"983ee8a\" data-element_type=\"widget\" data-widget_type=\"text-editor.default\">\n\t\t\t\t<div class=\"elementor-widget-container\">\n\t\t\t\t\t\t\t\t<p><span style=\"color: #000000;\"><span style=\"color: #80393a;\"><strong>Name of the event:<\/strong><\/span> World Pilots' Day Celebration \/ FLY-INN<\/span><\/p><p><span style=\"color: #000000;\"><span style=\"font-style: normal; font-variant-ligatures: normal; font-variant-caps: normal; font-weight: bold; font-size: 22px; font-family: Oswald, sans-serif; color: #80393a;\">About the event: <\/span><span style=\"font-family: Oswald, sans-serif; font-size: 22px; font-style: normal; font-variant-ligatures: normal; font-variant-caps: normal; font-weight: 400;\">We celebrate Pilots' Day together<\/span><\/span><\/p><p><span style=\"color: #000000;\"><span style=\"font-style: normal; font-variant-ligatures: normal; font-variant-caps: normal; font-weight: bold; font-size: 22px; font-family: Oswald, sans-serif; color: #80393a;\">How to participate: <\/span><span style=\"font-style: normal; font-variant-ligatures: normal; font-variant-caps: normal; font-weight: 400; font-size: 22px; font-family: Oswald, sans-serif;\">Free and open to the public.\u00a0<\/span><span style=\"font-family: Oswald, sans-serif; font-size: 22px; font-style: normal; font-variant-ligatures: normal; font-variant-caps: normal; font-weight: 400;\"><br \/><\/span><\/span><\/p><p style=\"font-style: normal; font-variant-ligatures: normal; font-variant-caps: normal; font-weight: 400; font-size: 22px; font-family: Oswald, sans-serif;\"><span style=\"color: #000000;\"><span style=\"font-weight: bold; color: #80393a;\">Event Date:<\/span> 25 April 2026<\/span><\/p>\t\t\t\t\t\t<\/div>\n\t\t\t\t<\/div>\n\t\t\t\t<div class=\"elementor-element elementor-element-a8d32a3 elementor-widget-divider--view-line elementor-widget elementor-widget-divider\" data-id=\"a8d32a3\" data-element_type=\"widget\" data-widget_type=\"divider.default\">\n\t\t\t\t<div class=\"elementor-widget-container\">\n\t\t\t\t\t<div class=\"elementor-divider\">\n\t\t\t<span class=\"elementor-divider-separator\">\n\t\t\t\t\t\t<\/span>\n\t\t<\/div>\n\t\t\t\t<\/div>\n\t\t\t\t<\/div>\n\t\t\t\t<div class=\"elementor-element elementor-element-ccb2e08 elementor-widget elementor-widget-heading\" data-id=\"ccb2e08\" data-element_type=\"widget\" data-widget_type=\"heading.default\">\n\t\t\t\t<div class=\"elementor-widget-container\">\n\t\t\t<h2 class=\"elementor-heading-title elementor-size-default\">UPCOMING EVENT<\/h2>\t\t<\/div>\n\t\t\t\t<\/div>\n\t\t\t\t<div class=\"elementor-element elementor-element-ce681a2 elementor-widget elementor-widget-text-editor\" data-id=\"ce681a2\" data-element_type=\"widget\" data-widget_type=\"text-editor.default\">\n\t\t\t\t<div class=\"elementor-widget-container\">\n\t\t\t\t\t\t\t\t<p><strong>Name of the event: <\/strong><span style=\"color: #ffffff;\">Flying Youth<\/span><\/p><p><span style=\"font-style: normal; font-variant-ligatures: normal; font-variant-caps: normal; font-weight: bold; font-size: 22px; font-family: Oswald, sans-serif;\">About the event: <\/span><span style=\"font-family: Oswald, sans-serif; font-size: 22px; font-style: normal; font-variant-ligatures: normal; font-variant-caps: normal; font-weight: 400; color: #ffffff;\">We celebrate May 19th, all together\u00a0<\/span><span style=\"color: #ffffff;\"><br \/><\/span><\/p><p><span style=\"font-style: normal; font-variant-ligatures: normal; font-variant-caps: normal; font-weight: bold; font-size: 22px; font-family: Oswald, sans-serif;\">How to participate: <\/span><span style=\"font-style: normal; font-variant-ligatures: normal; font-variant-caps: normal; font-weight: 400; font-size: 22px; font-family: Oswald, sans-serif; color: #ffffff;\">Free and open to all youth\u00a0\u00a0<\/span><span style=\"font-family: Oswald, sans-serif; font-size: 22px; font-style: normal; font-variant-ligatures: normal; font-variant-caps: normal; font-weight: 400; color: #ffffff;\"><br \/><\/span><\/p><p style=\"font-style: normal; font-variant-ligatures: normal; font-variant-caps: normal; font-weight: 400; font-size: 22px; font-family: Oswald, sans-serif;\"><span style=\"font-weight: bold;\">Event Date:<\/span><span style=\"color: #ffffff;\">\u00a017 May 2026<\/span><\/p>\t\t\t\t\t\t<\/div>\n\t\t\t\t<\/div>\n\t\t\t\t<div class=\"elementor-element elementor-element-6dbdf0e elementor-widget-divider--view-line elementor-widget elementor-widget-divider\" data-id=\"6dbdf0e\" data-element_type=\"widget\" data-widget_type=\"divider.default\">\n\t\t\t\t<div class=\"elementor-widget-container\">\n\t\t\t\t\t<div class=\"elementor-divider\">\n\t\t\t<span class=\"elementor-divider-separator\">\n\t\t\t\t\t\t<\/span>\n\t\t<\/div>\n\t\t\t\t<\/div>\n\t\t\t\t<\/div>\n\t\t\t\t<div class=\"elementor-element elementor-element-5b8df50 elementor-widget elementor-widget-text-editor\" data-id=\"5b8df50\" data-element_type=\"widget\" data-widget_type=\"text-editor.default\">\n\t\t\t\t<div class=\"elementor-widget-container\">\n\t\t\t\t\t\t\t\t<p style=\"text-align: center;\"><span style=\"font-weight: 400;\">M.S.\u00d6. AIR &amp; SPACE MUSEUM<\/span><\/p><p style=\"text-align: center;\"><span style=\"font-weight: 400;\">VOLUNTEER DESCRIPTION<\/span><\/p>\t\t\t\t\t\t<\/div>\n\t\t\t\t<\/div>\n\t\t\t\t<div class=\"elementor-element elementor-element-268b87e elementor-widget elementor-widget-text-editor\" data-id=\"268b87e\" data-element_type=\"widget\" data-widget_type=\"text-editor.default\">\n\t\t\t\t<div class=\"elementor-widget-container\">\n\t\t\t\t\t\t\t\t<p style=\"text-align: center;\"><span style=\"font-weight: 400;\">It is assumed that  \"Volunteers\u201d of M.S.\u00d6 Air &amp; Space Museum who take part in the restoration works, events and organizations organized by the Museum are willing to provide their experience, material and moral support without expecting anything in return...<\/span><\/p><p style=\"text-align: center;\"><span style=\"font-weight: 400;\">It is expected from those who serve as \"Volunteer\" of M.S.\u00d6. Air and Space Museum to fulfill the assigned tasks without any differentiation with their own will to support all kinds of tasks...<\/span><\/p><p style=\"text-align: center;\"><span style=\"font-weight: 400;\">Individuals who work as \"Volunteer\" cover all expenses incurred on their own to fulfill the tasks assigned by the Museum\u2026 They do not impose additional financial burden on the Museum Management\u2026 <\/span><\/p><p style=\"text-align: center;\">Although not a professional employee of the Museum, It is expected from those who serve as \u201cVolunteer\u201d to fulfill every assigned task 'Professionally', no matter how simple the task is\u2026<\/p>\t\t\t\t\t\t<\/div>\n\t\t\t\t<\/div>\n\t\t\t\t\t<\/div>\n\t\t<\/div>\n\t\t\t\t\t\t\t<\/div>\n\t\t<\/section>\n\t\t\t\t\t\t<\/div>\n\t\t\t\t\t<\/div>","protected":false},"excerpt":{"rendered":"<p>ETK\u0130NL\u0130KLER DEVAM EDEN ETK\u0130NL\u0130KLER Etkinlik Ad\u0131: D\u00fcnya Pilotlar G\u00fcn\u00fc Kutlamas\u0131 \/ FLY-INN Etkinlik Hakk\u0131nda: Pilotlar g\u00fcn\u00fcn\u00fc hep beraber kutluyoruz. Nas\u0131l Kat\u0131l\u0131n\u0131r? T\u00fcm halk\u0131m\u0131za \u00fccretsiz ve a\u00e7\u0131kt\u0131r.\u00a0<span class=\"excerpt-hellip\"> [\u2026]<\/span><\/p>","protected":false},"author":1,"featured_media":0,"parent":0,"menu_order":0,"comment_status":"closed","ping_status":"closed","template":"","meta":{"footnotes":""},"class_list":["post-2231","page","type-page","status-publish","hentry"],"_links":{"self":[{"href":"https:\/\/msomuseum.com\/en\/wp-json\/wp\/v2\/pages\/2231","targetHints":{"allow":["GET"]}}],"collection":[{"href":"https:\/\/msomuseum.com\/en\/wp-json\/wp\/v2\/pages"}],"about":[{"href":"https:\/\/msomuseum.com\/en\/wp-json\/wp\/v2\/types\/page"}],"author":[{"embeddable":true,"href":"https:\/\/msomuseum.com\/en\/wp-json\/wp\/v2\/users\/1"}],"replies":[{"embeddable":true,"href":"https:\/\/msomuseum.com\/en\/wp-json\/wp\/v2\/comments?post=2231"}],"version-history":[{"count":291,"href":"https:\/\/msomuseum.com\/en\/wp-json\/wp\/v2\/pages\/2231\/revisions"}],"predecessor-version":[{"id":9557,"href":"https:\/\/msomuseum.com\/en\/wp-json\/wp\/v2\/pages\/2231\/revisions\/9557"}],"wp:attachment":[{"href":"https:\/\/msomuseum.com\/en\/wp-json\/wp\/v2\/media?parent=2231"}],"curies":[{"name":"wp","href":"https:\/\/api.w.org\/{rel}","templated":true}]}}